{"id":15,"date":"2024-02-27T08:51:24","date_gmt":"2024-02-27T08:51:24","guid":{"rendered":"https:\/\/eco-h2o.pl\/?page_id=15"},"modified":"2024-02-29T10:46:38","modified_gmt":"2024-02-29T10:46:38","slug":"oferta","status":"publish","type":"page","link":"https:\/\/eco-h2o.pl\/?page_id=15","title":{"rendered":"Oferta"},"content":{"rendered":"\t\t<div data-elementor-type=\"wp-page\" data-elementor-id=\"15\" class=\"elementor elementor-15\">\n\t\t\t\t<div class=\"elementor-element elementor-element-0847342 e-flex e-con-boxed e-con e-parent\" data-id=\"0847342\" data-element_type=\"container\" data-settings=\"{&quot;background_background&quot;:&quot;classic&quot;,&quot;content_width&quot;:&quot;boxed&quot;}\" data-core-v316-plus=\"true\">\n\t\t\t\t\t<div class=\"e-con-inner\">\n\t\t\t\t<div class=\"elementor-element elementor-element-f60aef9 elementor-widget elementor-widget-heading\" data-id=\"f60aef9\" data-element_type=\"widget\" data-widget_type=\"heading.default\">\n\t\t\t\t<div class=\"elementor-widget-container\">\n\t\t\t<style>\/*! elementor - v3.19.0 - 07-02-2024 *\/\n.elementor-heading-title{padding:0;margin:0;line-height:1}.elementor-widget-heading .elementor-heading-title[class*=elementor-size-]>a{color:inherit;font-size:inherit;line-height:inherit}.elementor-widget-heading .elementor-heading-title.elementor-size-small{font-size:15px}.elementor-widget-heading .elementor-heading-title.elementor-size-medium{font-size:19px}.elementor-widget-heading .elementor-heading-title.elementor-size-large{font-size:29px}.elementor-widget-heading .elementor-heading-title.elementor-size-xl{font-size:39px}.elementor-widget-heading .elementor-heading-title.elementor-size-xxl{font-size:59px}<\/style><h2 class=\"elementor-heading-title elementor-size-default\">OFERTA<\/h2>\t\t<\/div>\n\t\t\t\t<\/div>\n\t\t\t\t\t<\/div>\n\t\t\t\t<\/div>\n\t\t<div class=\"elementor-element elementor-element-83dd34f e-con-full e-flex e-con e-parent\" data-id=\"83dd34f\" data-element_type=\"container\" data-settings=\"{&quot;content_width&quot;:&quot;full&quot;,&quot;background_background&quot;:&quot;classic&quot;}\" data-core-v316-plus=\"true\">\n\t\t\t\t<div class=\"elementor-element elementor-element-fe886a9 elementor-widget elementor-widget-heading\" data-id=\"fe886a9\" data-element_type=\"widget\" data-widget_type=\"heading.default\">\n\t\t\t\t<div class=\"elementor-widget-container\">\n\t\t\t<h2 class=\"elementor-heading-title elementor-size-default\">Wybierz opcj\u0119 i dowiedz si\u0119 wi\u0119cej!<\/h2>\t\t<\/div>\n\t\t\t\t<\/div>\n\t\t\t\t<\/div>\n\t\t<div class=\"elementor-element elementor-element-efbfff9 e-con-full e-flex e-con e-parent\" data-id=\"efbfff9\" data-element_type=\"container\" data-settings=\"{&quot;content_width&quot;:&quot;full&quot;,&quot;background_background&quot;:&quot;classic&quot;}\" data-core-v316-plus=\"true\">\n\t\t<div class=\"elementor-element elementor-element-78c0eaf e-con-full e-flex e-con e-child\" data-id=\"78c0eaf\" data-element_type=\"container\" data-settings=\"{&quot;content_width&quot;:&quot;full&quot;}\">\n\t\t\t\t<div class=\"elementor-element elementor-element-660327b elementor-widget elementor-widget-image\" data-id=\"660327b\" data-element_type=\"widget\" data-widget_type=\"image.default\">\n\t\t\t\t<div class=\"elementor-widget-container\">\n\t\t\t<style>\/*! elementor - v3.19.0 - 07-02-2024 *\/\n.elementor-widget-image{text-align:center}.elementor-widget-image a{display:inline-block}.elementor-widget-image a img[src$=\".svg\"]{width:48px}.elementor-widget-image img{vertical-align:middle;display:inline-block}<\/style>\t\t\t\t\t\t\t\t\t\t\t<a href=\"https:\/\/eco-h2o.pl\/?page_id=175\">\n\t\t\t\t\t\t\t<img fetchpriority=\"high\" decoding=\"async\" width=\"578\" height=\"1024\" src=\"https:\/\/eco-h2o.pl\/wp-content\/uploads\/2024\/02\/29-578x1024.jpg\" class=\"elementor-animation-float attachment-large size-large wp-image-165\" alt=\"\" srcset=\"https:\/\/eco-h2o.pl\/wp-content\/uploads\/2024\/02\/29-578x1024.jpg 578w, https:\/\/eco-h2o.pl\/wp-content\/uploads\/2024\/02\/29-169x300.jpg 169w, https:\/\/eco-h2o.pl\/wp-content\/uploads\/2024\/02\/29-768x1361.jpg 768w, https:\/\/eco-h2o.pl\/wp-content\/uploads\/2024\/02\/29.jpg 790w\" sizes=\"(max-width: 578px) 100vw, 578px\" \/>\t\t\t\t\t\t\t\t<\/a>\n\t\t\t\t\t\t\t\t\t\t\t\t\t<\/div>\n\t\t\t\t<\/div>\n\t\t\t\t<\/div>\n\t\t<div class=\"elementor-element elementor-element-3efe615 e-con-full e-flex e-con e-child\" data-id=\"3efe615\" data-element_type=\"container\" data-settings=\"{&quot;content_width&quot;:&quot;full&quot;}\">\n\t\t\t\t<div class=\"elementor-element elementor-element-8318f0f elementor-widget elementor-widget-image\" data-id=\"8318f0f\" data-element_type=\"widget\" data-widget_type=\"image.default\">\n\t\t\t\t<div class=\"elementor-widget-container\">\n\t\t\t\t\t\t\t\t\t\t\t\t\t\t<a href=\"https:\/\/eco-h2o.pl\/?page_id=177\">\n\t\t\t\t\t\t\t<img decoding=\"async\" width=\"578\" height=\"1024\" src=\"https:\/\/eco-h2o.pl\/wp-content\/uploads\/2024\/02\/26-578x1024.jpg\" class=\"elementor-animation-float attachment-large size-large wp-image-166\" alt=\"\" srcset=\"https:\/\/eco-h2o.pl\/wp-content\/uploads\/2024\/02\/26-578x1024.jpg 578w, https:\/\/eco-h2o.pl\/wp-content\/uploads\/2024\/02\/26-169x300.jpg 169w, https:\/\/eco-h2o.pl\/wp-content\/uploads\/2024\/02\/26-768x1361.jpg 768w, https:\/\/eco-h2o.pl\/wp-content\/uploads\/2024\/02\/26.jpg 790w\" sizes=\"(max-width: 578px) 100vw, 578px\" \/>\t\t\t\t\t\t\t\t<\/a>\n\t\t\t\t\t\t\t\t\t\t\t\t\t<\/div>\n\t\t\t\t<\/div>\n\t\t\t\t<\/div>\n\t\t<div class=\"elementor-element elementor-element-7fe8a67 e-con-full e-flex e-con e-child\" data-id=\"7fe8a67\" data-element_type=\"container\" data-settings=\"{&quot;content_width&quot;:&quot;full&quot;}\">\n\t\t\t\t<div class=\"elementor-element elementor-element-69fb5f3 elementor-widget elementor-widget-image\" data-id=\"69fb5f3\" data-element_type=\"widget\" data-widget_type=\"image.default\">\n\t\t\t\t<div class=\"elementor-widget-container\">\n\t\t\t\t\t\t\t\t\t\t\t\t\t\t<a href=\"https:\/\/eco-h2o.pl\/?page_id=179\">\n\t\t\t\t\t\t\t<img decoding=\"async\" width=\"578\" height=\"1024\" src=\"https:\/\/eco-h2o.pl\/wp-content\/uploads\/2024\/02\/27-578x1024.jpg\" class=\"elementor-animation-float attachment-large size-large wp-image-167\" alt=\"\" srcset=\"https:\/\/eco-h2o.pl\/wp-content\/uploads\/2024\/02\/27-578x1024.jpg 578w, https:\/\/eco-h2o.pl\/wp-content\/uploads\/2024\/02\/27-169x300.jpg 169w, https:\/\/eco-h2o.pl\/wp-content\/uploads\/2024\/02\/27-768x1361.jpg 768w, https:\/\/eco-h2o.pl\/wp-content\/uploads\/2024\/02\/27.jpg 790w\" sizes=\"(max-width: 578px) 100vw, 578px\" \/>\t\t\t\t\t\t\t\t<\/a>\n\t\t\t\t\t\t\t\t\t\t\t\t\t<\/div>\n\t\t\t\t<\/div>\n\t\t\t\t<\/div>\n\t\t<div class=\"elementor-element elementor-element-e62c4af e-con-full e-flex e-con e-child\" data-id=\"e62c4af\" data-element_type=\"container\" data-settings=\"{&quot;content_width&quot;:&quot;full&quot;}\">\n\t\t\t\t<div class=\"elementor-element elementor-element-bb336db elementor-widget elementor-widget-image\" data-id=\"bb336db\" data-element_type=\"widget\" data-widget_type=\"image.default\">\n\t\t\t\t<div class=\"elementor-widget-container\">\n\t\t\t\t\t\t\t\t\t\t\t\t\t\t<a href=\"https:\/\/eco-h2o.pl\/?page_id=256\">\n\t\t\t\t\t\t\t<img loading=\"lazy\" decoding=\"async\" width=\"578\" height=\"1024\" src=\"https:\/\/eco-h2o.pl\/wp-content\/uploads\/2024\/02\/33-578x1024.jpg\" class=\"elementor-animation-float attachment-large size-large wp-image-260\" alt=\"\" srcset=\"https:\/\/eco-h2o.pl\/wp-content\/uploads\/2024\/02\/33-578x1024.jpg 578w, https:\/\/eco-h2o.pl\/wp-content\/uploads\/2024\/02\/33-169x300.jpg 169w, https:\/\/eco-h2o.pl\/wp-content\/uploads\/2024\/02\/33-768x1361.jpg 768w, https:\/\/eco-h2o.pl\/wp-content\/uploads\/2024\/02\/33.jpg 790w\" sizes=\"(max-width: 578px) 100vw, 578px\" \/>\t\t\t\t\t\t\t\t<\/a>\n\t\t\t\t\t\t\t\t\t\t\t\t\t<\/div>\n\t\t\t\t<\/div>\n\t\t\t\t<\/div>\n\t\t<div class=\"elementor-element elementor-element-d1bf6f2 e-con-full e-flex e-con e-child\" data-id=\"d1bf6f2\" data-element_type=\"container\" data-settings=\"{&quot;content_width&quot;:&quot;full&quot;}\">\n\t\t\t\t<div class=\"elementor-element elementor-element-a07b09e elementor-widget elementor-widget-image\" data-id=\"a07b09e\" data-element_type=\"widget\" data-widget_type=\"image.default\">\n\t\t\t\t<div class=\"elementor-widget-container\">\n\t\t\t\t\t\t\t\t\t\t\t\t\t\t<a href=\"https:\/\/eco-h2o.pl\/?page_id=181\">\n\t\t\t\t\t\t\t<img loading=\"lazy\" decoding=\"async\" width=\"578\" height=\"1024\" src=\"https:\/\/eco-h2o.pl\/wp-content\/uploads\/2024\/02\/28-578x1024.jpg\" class=\"elementor-animation-float attachment-large size-large wp-image-168\" alt=\"\" srcset=\"https:\/\/eco-h2o.pl\/wp-content\/uploads\/2024\/02\/28-578x1024.jpg 578w, https:\/\/eco-h2o.pl\/wp-content\/uploads\/2024\/02\/28-169x300.jpg 169w, https:\/\/eco-h2o.pl\/wp-content\/uploads\/2024\/02\/28-768x1361.jpg 768w, https:\/\/eco-h2o.pl\/wp-content\/uploads\/2024\/02\/28.jpg 790w\" sizes=\"(max-width: 578px) 100vw, 578px\" \/>\t\t\t\t\t\t\t\t<\/a>\n\t\t\t\t\t\t\t\t\t\t\t\t\t<\/div>\n\t\t\t\t<\/div>\n\t\t\t\t<\/div>\n\t\t\t\t<\/div>\n\t\t\t\t<\/div>\n\t\t","protected":false},"excerpt":{"rendered":"<p>OFERTA Wybierz opcj\u0119 i dowiedz si\u0119 wi\u0119cej!<\/p>\n","protected":false},"author":2,"featured_media":0,"parent":0,"menu_order":0,"comment_status":"closed","ping_status":"closed","template":"","meta":{"site-sidebar-layout":"no-sidebar","site-content-layout":"","ast-site-content-layout":"full-width-container","site-content-style":"default","site-sidebar-style":"default","ast-global-header-display":"","ast-banner-title-visibility":"","ast-main-header-display":"","ast-hfb-above-header-display":"","ast-hfb-below-header-display":"","ast-hfb-mobile-header-display":"","site-post-title":"disabled","ast-breadcrumbs-content":"","ast-featured-img":"disabled","footer-sml-layout":"","theme-transparent-header-meta":"","adv-header-id-meta":"","stick-header-meta":"","header-above-stick-meta":"","header-main-stick-meta":"","header-below-stick-meta":"","astra-migrate-meta-layouts":"default","ast-page-background-enabled":"default","ast-page-background-meta":{"desktop":{"background-color":"var(--ast-global-color-4)","background-image":"","background-repeat":"repeat","background-position":"center center","background-size":"auto","background-attachment":"scroll","background-type":"","background-media":"","overlay-type":"","overlay-color":"","overlay-gradient":""},"tablet":{"background-color":"","background-image":"","background-repeat":"repeat","background-position":"center center","background-size":"auto","background-attachment":"scroll","background-type":"","background-media":"","overlay-type":"","overlay-color":"","overlay-gradient":""},"mobile":{"background-color":"","background-image":"","background-repeat":"repeat","background-position":"center center","background-size":"auto","background-attachment":"scroll","background-type":"","background-media":"","overlay-type":"","overlay-color":"","overlay-gradient":""}},"ast-content-background-meta":{"desktop":{"background-color":"var(--ast-global-color-5)","background-image":"","background-repeat":"repeat","background-position":"center center","background-size":"auto","background-attachment":"scroll","background-type":"","background-media":"","overlay-type":"","overlay-color":"","overlay-gradient":""},"tablet":{"background-color":"var(--ast-global-color-5)","background-image":"","background-repeat":"repeat","background-position":"center center","background-size":"auto","background-attachment":"scroll","background-type":"","background-media":"","overlay-type":"","overlay-color":"","overlay-gradient":""},"mobile":{"background-color":"var(--ast-global-color-5)","background-image":"","background-repeat":"repeat","background-position":"center center","background-size":"auto","background-attachment":"scroll","background-type":"","background-media":"","overlay-type":"","overlay-color":"","overlay-gradient":""}},"footnotes":""},"class_list":["post-15","page","type-page","status-publish","hentry"],"yoast_head":"<!-- This site is optimized with the Yoast SEO plugin v22.1 - https:\/\/yoast.com\/wordpress\/plugins\/seo\/ -->\n<title>Oferta -<\/title>\n<meta name=\"robots\" content=\"noindex, follow, max-snippet:-1, max-image-preview:large, max-video-preview:-1\" \/>\n<meta property=\"og:locale\" content=\"pl_PL\" \/>\n<meta property=\"og:type\" content=\"article\" \/>\n<meta property=\"og:title\" content=\"Oferta -\" \/>\n<meta property=\"og:description\" content=\"OFERTA Wybierz opcj\u0119 i dowiedz si\u0119 wi\u0119cej!\" \/>\n<meta property=\"og:url\" content=\"https:\/\/eco-h2o.pl\/?page_id=15\" \/>\n<meta property=\"article:publisher\" content=\"https:\/\/www.facebook.com\/myjniaparowakrosno\" \/>\n<meta property=\"article:modified_time\" content=\"2024-02-29T10:46:38+00:00\" \/>\n<meta property=\"og:image\" content=\"https:\/\/eco-h2o.pl\/wp-content\/uploads\/2024\/02\/29-578x1024.jpg\" \/>\n<meta name=\"twitter:card\" content=\"summary_large_image\" \/>\n<meta name=\"twitter:label1\" content=\"Szacowany czas czytania\" \/>\n\t<meta name=\"twitter:data1\" content=\"2 minuty\" \/>\n<script type=\"application\/ld+json\" class=\"yoast-schema-graph\">{\"@context\":\"https:\/\/schema.org\",\"@graph\":[{\"@type\":\"WebPage\",\"@id\":\"https:\/\/eco-h2o.pl\/?page_id=15\",\"url\":\"https:\/\/eco-h2o.pl\/?page_id=15\",\"name\":\"Oferta -\",\"isPartOf\":{\"@id\":\"https:\/\/eco-h2o.pl\/#website\"},\"datePublished\":\"2024-02-27T08:51:24+00:00\",\"dateModified\":\"2024-02-29T10:46:38+00:00\",\"breadcrumb\":{\"@id\":\"https:\/\/eco-h2o.pl\/?page_id=15#breadcrumb\"},\"inLanguage\":\"pl-PL\",\"potentialAction\":[{\"@type\":\"ReadAction\",\"target\":[\"https:\/\/eco-h2o.pl\/?page_id=15\"]}]},{\"@type\":\"BreadcrumbList\",\"@id\":\"https:\/\/eco-h2o.pl\/?page_id=15#breadcrumb\",\"itemListElement\":[{\"@type\":\"ListItem\",\"position\":1,\"name\":\"Strona g\u0142\u00f3wna\",\"item\":\"https:\/\/eco-h2o.pl\/\"},{\"@type\":\"ListItem\",\"position\":2,\"name\":\"Oferta\"}]},{\"@type\":\"WebSite\",\"@id\":\"https:\/\/eco-h2o.pl\/#website\",\"url\":\"https:\/\/eco-h2o.pl\/\",\"name\":\"ECO-H2O\",\"description\":\"\",\"publisher\":{\"@id\":\"https:\/\/eco-h2o.pl\/#organization\"},\"potentialAction\":[{\"@type\":\"SearchAction\",\"target\":{\"@type\":\"EntryPoint\",\"urlTemplate\":\"https:\/\/eco-h2o.pl\/?s={search_term_string}\"},\"query-input\":\"required name=search_term_string\"}],\"inLanguage\":\"pl-PL\"},{\"@type\":\"Organization\",\"@id\":\"https:\/\/eco-h2o.pl\/#organization\",\"name\":\"ECO-H2O\",\"url\":\"https:\/\/eco-h2o.pl\/\",\"logo\":{\"@type\":\"ImageObject\",\"inLanguage\":\"pl-PL\",\"@id\":\"https:\/\/eco-h2o.pl\/#\/schema\/logo\/image\/\",\"url\":\"https:\/\/eco-h2o.pl\/wp-content\/uploads\/2024\/02\/logo-z-obrysem.png\",\"contentUrl\":\"https:\/\/eco-h2o.pl\/wp-content\/uploads\/2024\/02\/logo-z-obrysem.png\",\"width\":1054,\"height\":492,\"caption\":\"ECO-H2O\"},\"image\":{\"@id\":\"https:\/\/eco-h2o.pl\/#\/schema\/logo\/image\/\"},\"sameAs\":[\"https:\/\/www.facebook.com\/myjniaparowakrosno\"]}]}<\/script>\n<!-- \/ Yoast SEO plugin. -->","yoast_head_json":{"title":"Oferta -","robots":{"index":"noindex","follow":"follow","max-snippet":"max-snippet:-1","max-image-preview":"max-image-preview:large","max-video-preview":"max-video-preview:-1"},"og_locale":"pl_PL","og_type":"article","og_title":"Oferta -","og_description":"OFERTA Wybierz opcj\u0119 i dowiedz si\u0119 wi\u0119cej!","og_url":"https:\/\/eco-h2o.pl\/?page_id=15","article_publisher":"https:\/\/www.facebook.com\/myjniaparowakrosno","article_modified_time":"2024-02-29T10:46:38+00:00","og_image":[{"url":"https:\/\/eco-h2o.pl\/wp-content\/uploads\/2024\/02\/29-578x1024.jpg"}],"twitter_card":"summary_large_image","twitter_misc":{"Szacowany czas czytania":"2 minuty"},"schema":{"@context":"https:\/\/schema.org","@graph":[{"@type":"WebPage","@id":"https:\/\/eco-h2o.pl\/?page_id=15","url":"https:\/\/eco-h2o.pl\/?page_id=15","name":"Oferta -","isPartOf":{"@id":"https:\/\/eco-h2o.pl\/#website"},"datePublished":"2024-02-27T08:51:24+00:00","dateModified":"2024-02-29T10:46:38+00:00","breadcrumb":{"@id":"https:\/\/eco-h2o.pl\/?page_id=15#breadcrumb"},"inLanguage":"pl-PL","potentialAction":[{"@type":"ReadAction","target":["https:\/\/eco-h2o.pl\/?page_id=15"]}]},{"@type":"BreadcrumbList","@id":"https:\/\/eco-h2o.pl\/?page_id=15#breadcrumb","itemListElement":[{"@type":"ListItem","position":1,"name":"Strona g\u0142\u00f3wna","item":"https:\/\/eco-h2o.pl\/"},{"@type":"ListItem","position":2,"name":"Oferta"}]},{"@type":"WebSite","@id":"https:\/\/eco-h2o.pl\/#website","url":"https:\/\/eco-h2o.pl\/","name":"ECO-H2O","description":"","publisher":{"@id":"https:\/\/eco-h2o.pl\/#organization"},"potentialAction":[{"@type":"SearchAction","target":{"@type":"EntryPoint","urlTemplate":"https:\/\/eco-h2o.pl\/?s={search_term_string}"},"query-input":"required name=search_term_string"}],"inLanguage":"pl-PL"},{"@type":"Organization","@id":"https:\/\/eco-h2o.pl\/#organization","name":"ECO-H2O","url":"https:\/\/eco-h2o.pl\/","logo":{"@type":"ImageObject","inLanguage":"pl-PL","@id":"https:\/\/eco-h2o.pl\/#\/schema\/logo\/image\/","url":"https:\/\/eco-h2o.pl\/wp-content\/uploads\/2024\/02\/logo-z-obrysem.png","contentUrl":"https:\/\/eco-h2o.pl\/wp-content\/uploads\/2024\/02\/logo-z-obrysem.png","width":1054,"height":492,"caption":"ECO-H2O"},"image":{"@id":"https:\/\/eco-h2o.pl\/#\/schema\/logo\/image\/"},"sameAs":["https:\/\/www.facebook.com\/myjniaparowakrosno"]}]}},"_links":{"self":[{"href":"https:\/\/eco-h2o.pl\/index.php?rest_route=\/wp\/v2\/pages\/15","targetHints":{"allow":["GET"]}}],"collection":[{"href":"https:\/\/eco-h2o.pl\/index.php?rest_route=\/wp\/v2\/pages"}],"about":[{"href":"https:\/\/eco-h2o.pl\/index.php?rest_route=\/wp\/v2\/types\/page"}],"author":[{"embeddable":true,"href":"https:\/\/eco-h2o.pl\/index.php?rest_route=\/wp\/v2\/users\/2"}],"replies":[{"embeddable":true,"href":"https:\/\/eco-h2o.pl\/index.php?rest_route=%2Fwp%2Fv2%2Fcomments&post=15"}],"version-history":[{"count":25,"href":"https:\/\/eco-h2o.pl\/index.php?rest_route=\/wp\/v2\/pages\/15\/revisions"}],"predecessor-version":[{"id":286,"href":"https:\/\/eco-h2o.pl\/index.php?rest_route=\/wp\/v2\/pages\/15\/revisions\/286"}],"wp:attachment":[{"href":"https:\/\/eco-h2o.pl\/index.php?rest_route=%2Fwp%2Fv2%2Fmedia&parent=15"}],"curies":[{"name":"wp","href":"https:\/\/api.w.org\/{rel}","templated":true}]}}