{"id":179,"date":"2024-02-28T10:06:43","date_gmt":"2024-02-28T10:06:43","guid":{"rendered":"https:\/\/eco-h2o.pl\/?page_id=179"},"modified":"2024-02-28T12:13:28","modified_gmt":"2024-02-28T12:13:28","slug":"pranie-tapicerki","status":"publish","type":"page","link":"https:\/\/eco-h2o.pl\/?page_id=179","title":{"rendered":"Pranie tapicerki"},"content":{"rendered":"\t\t<div data-elementor-type=\"wp-page\" data-elementor-id=\"179\" class=\"elementor elementor-179\">\n\t\t\t\t<div class=\"elementor-element elementor-element-5c94c12 e-flex e-con-boxed e-con e-parent\" data-id=\"5c94c12\" data-element_type=\"container\" data-settings=\"{&quot;background_background&quot;:&quot;classic&quot;,&quot;content_width&quot;:&quot;boxed&quot;}\" data-core-v316-plus=\"true\">\n\t\t\t\t\t<div class=\"e-con-inner\">\n\t\t\t\t<div class=\"elementor-element elementor-element-d070a86 elementor-widget elementor-widget-heading\" data-id=\"d070a86\" data-element_type=\"widget\" data-widget_type=\"heading.default\">\n\t\t\t\t<div class=\"elementor-widget-container\">\n\t\t\t<style>\/*! elementor - v3.19.0 - 07-02-2024 *\/\n.elementor-heading-title{padding:0;margin:0;line-height:1}.elementor-widget-heading .elementor-heading-title[class*=elementor-size-]>a{color:inherit;font-size:inherit;line-height:inherit}.elementor-widget-heading .elementor-heading-title.elementor-size-small{font-size:15px}.elementor-widget-heading .elementor-heading-title.elementor-size-medium{font-size:19px}.elementor-widget-heading .elementor-heading-title.elementor-size-large{font-size:29px}.elementor-widget-heading .elementor-heading-title.elementor-size-xl{font-size:39px}.elementor-widget-heading .elementor-heading-title.elementor-size-xxl{font-size:59px}<\/style><h2 class=\"elementor-heading-title elementor-size-default\">PRANIE TAPICERKI<\/h2>\t\t<\/div>\n\t\t\t\t<\/div>\n\t\t\t\t\t<\/div>\n\t\t\t\t<\/div>\n\t\t<div class=\"elementor-element elementor-element-5ca6b0a e-con-full e-flex e-con e-parent\" data-id=\"5ca6b0a\" data-element_type=\"container\" data-settings=\"{&quot;content_width&quot;:&quot;full&quot;,&quot;background_background&quot;:&quot;classic&quot;}\" data-core-v316-plus=\"true\">\n\t\t<div class=\"elementor-element elementor-element-6c2b5dc e-con-full e-flex e-con e-child\" data-id=\"6c2b5dc\" data-element_type=\"container\" data-settings=\"{&quot;content_width&quot;:&quot;full&quot;}\">\n\t\t\t\t<div class=\"elementor-element elementor-element-caf079f elementor-widget elementor-widget-heading\" data-id=\"caf079f\" data-element_type=\"widget\" data-widget_type=\"heading.default\">\n\t\t\t\t<div class=\"elementor-widget-container\">\n\t\t\t<h2 class=\"elementor-heading-title elementor-size-default\">Pranie tapicerki<\/h2>\t\t<\/div>\n\t\t\t\t<\/div>\n\t\t\t\t<div class=\"elementor-element elementor-element-878cdfd elementor-invisible elementor-widget elementor-widget-text-editor\" data-id=\"878cdfd\" data-element_type=\"widget\" data-settings=\"{&quot;_animation&quot;:&quot;fadeInLeft&quot;}\" data-widget_type=\"text-editor.default\">\n\t\t\t\t<div class=\"elementor-widget-container\">\n\t\t\t<style>\/*! elementor - v3.19.0 - 07-02-2024 *\/\n.elementor-widget-text-editor.elementor-drop-cap-view-stacked .elementor-drop-cap{background-color:#69727d;color:#fff}.elementor-widget-text-editor.elementor-drop-cap-view-framed .elementor-drop-cap{color:#69727d;border:3px solid;background-color:transparent}.elementor-widget-text-editor:not(.elementor-drop-cap-view-default) .elementor-drop-cap{margin-top:8px}.elementor-widget-text-editor:not(.elementor-drop-cap-view-default) .elementor-drop-cap-letter{width:1em;height:1em}.elementor-widget-text-editor .elementor-drop-cap{float:left;text-align:center;line-height:1;font-size:50px}.elementor-widget-text-editor .elementor-drop-cap-letter{display:inline-block}<\/style>\t\t\t\t<p>Pranie tapicerki samochodowej jest bardzo wa\u017cne aby utrzyma\u0107 czysto\u015b\u0107 wn\u0119trza samochodu.<\/p>\t\t\t\t\t\t<\/div>\n\t\t\t\t<\/div>\n\t\t\t\t<div class=\"elementor-element elementor-element-dcf4e71 elementor-invisible elementor-widget elementor-widget-text-editor\" data-id=\"dcf4e71\" data-element_type=\"widget\" data-settings=\"{&quot;_animation&quot;:&quot;fadeInLeft&quot;}\" data-widget_type=\"text-editor.default\">\n\t\t\t\t<div class=\"elementor-widget-container\">\n\t\t\t\t\t\t\t<p>Dzi\u0119ki praniu tapicerki usuniesz brud, py\u0142, plamy oraz drobiny jedzenia ze swojej tapicerki. Dodatkowo pozb\u0119dziesz si\u0119 nieprzyjemnych zapach\u00f3w oraz poprawisz estetyk\u0119 swojego samochodu.<\/p>\t\t\t\t\t\t<\/div>\n\t\t\t\t<\/div>\n\t\t\t\t<\/div>\n\t\t<div class=\"elementor-element elementor-element-17eaae6 e-con-full e-flex e-con e-child\" data-id=\"17eaae6\" data-element_type=\"container\" data-settings=\"{&quot;content_width&quot;:&quot;full&quot;}\">\n\t\t\t\t<div class=\"elementor-element elementor-element-bbf4fe5 elementor-arrows-position-inside elementor-widget elementor-widget-image-carousel\" data-id=\"bbf4fe5\" data-element_type=\"widget\" data-settings=\"{&quot;slides_to_show&quot;:&quot;1&quot;,&quot;navigation&quot;:&quot;arrows&quot;,&quot;autoplay&quot;:&quot;yes&quot;,&quot;pause_on_hover&quot;:&quot;yes&quot;,&quot;pause_on_interaction&quot;:&quot;yes&quot;,&quot;autoplay_speed&quot;:5000,&quot;infinite&quot;:&quot;yes&quot;,&quot;effect&quot;:&quot;slide&quot;,&quot;speed&quot;:500}\" data-widget_type=\"image-carousel.default\">\n\t\t\t\t<div class=\"elementor-widget-container\">\n\t\t\t<style>\/*! elementor - v3.19.0 - 07-02-2024 *\/\n.elementor-widget-image-carousel .swiper,.elementor-widget-image-carousel .swiper-container{position:static}.elementor-widget-image-carousel .swiper-container .swiper-slide figure,.elementor-widget-image-carousel .swiper .swiper-slide figure{line-height:inherit}.elementor-widget-image-carousel .swiper-slide{text-align:center}.elementor-image-carousel-wrapper:not(.swiper-container-initialized):not(.swiper-initialized) .swiper-slide{max-width:calc(100% \/ var(--e-image-carousel-slides-to-show, 3))}<\/style>\t\t<div class=\"elementor-image-carousel-wrapper swiper\" dir=\"ltr\">\n\t\t\t<div class=\"elementor-image-carousel swiper-wrapper swiper-image-stretch\" aria-live=\"off\">\n\t\t\t\t\t\t\t\t<div class=\"swiper-slide\" role=\"group\" aria-roledescription=\"slide\" aria-label=\"1 of 4\"><figure class=\"swiper-slide-inner\"><img decoding=\"async\" class=\"swiper-slide-image\" src=\"https:\/\/eco-h2o.pl\/wp-content\/uploads\/2024\/02\/3-1024x578.jpg\" alt=\"3\" \/><\/figure><\/div><div class=\"swiper-slide\" role=\"group\" aria-roledescription=\"slide\" aria-label=\"2 of 4\"><figure class=\"swiper-slide-inner\"><img decoding=\"async\" class=\"swiper-slide-image\" src=\"https:\/\/eco-h2o.pl\/wp-content\/uploads\/2024\/02\/9-1024x578.jpg\" alt=\"9\" \/><\/figure><\/div><div class=\"swiper-slide\" role=\"group\" aria-roledescription=\"slide\" aria-label=\"3 of 4\"><figure class=\"swiper-slide-inner\"><img decoding=\"async\" class=\"swiper-slide-image\" src=\"https:\/\/eco-h2o.pl\/wp-content\/uploads\/2024\/02\/6-1-1024x578.jpg\" alt=\"6\" \/><\/figure><\/div><div class=\"swiper-slide\" role=\"group\" aria-roledescription=\"slide\" aria-label=\"4 of 4\"><figure class=\"swiper-slide-inner\"><img decoding=\"async\" class=\"swiper-slide-image\" src=\"https:\/\/eco-h2o.pl\/wp-content\/uploads\/2024\/02\/7-1024x578.jpg\" alt=\"7\" \/><\/figure><\/div>\t\t\t<\/div>\n\t\t\t\t\t\t\t\t\t\t\t\t<div class=\"elementor-swiper-button elementor-swiper-button-prev\" role=\"button\" tabindex=\"0\">\n\t\t\t\t\t\t<svg aria-hidden=\"true\" class=\"e-font-icon-svg e-eicon-chevron-left\" viewBox=\"0 0 1000 1000\" xmlns=\"http:\/\/www.w3.org\/2000\/svg\"><path d=\"M646 125C629 125 613 133 604 142L308 442C296 454 292 471 292 487 292 504 296 521 308 533L604 854C617 867 629 875 646 875 663 875 679 871 692 858 704 846 713 829 713 812 713 796 708 779 692 767L438 487 692 225C700 217 708 204 708 187 708 171 704 154 692 142 675 129 663 125 646 125Z\"><\/path><\/svg>\t\t\t\t\t<\/div>\n\t\t\t\t\t<div class=\"elementor-swiper-button elementor-swiper-button-next\" role=\"button\" tabindex=\"0\">\n\t\t\t\t\t\t<svg aria-hidden=\"true\" class=\"e-font-icon-svg e-eicon-chevron-right\" viewBox=\"0 0 1000 1000\" xmlns=\"http:\/\/www.w3.org\/2000\/svg\"><path d=\"M696 533C708 521 713 504 713 487 713 471 708 454 696 446L400 146C388 133 375 125 354 125 338 125 325 129 313 142 300 154 292 171 292 187 292 204 296 221 308 233L563 492 304 771C292 783 288 800 288 817 288 833 296 850 308 863 321 871 338 875 354 875 371 875 388 867 400 854L696 533Z\"><\/path><\/svg>\t\t\t\t\t<\/div>\n\t\t\t\t\n\t\t\t\t\t\t\t\t\t<\/div>\n\t\t\t\t<\/div>\n\t\t\t\t<\/div>\n\t\t\t\t<\/div>\n\t\t\t\t<\/div>\n\t\t\t\t<\/div>\n\t\t","protected":false},"excerpt":{"rendered":"<p>PRANIE TAPICERKI Pranie tapicerki Pranie tapicerki samochodowej jest bardzo wa\u017cne aby utrzyma\u0107 czysto\u015b\u0107 wn\u0119trza samochodu. Dzi\u0119ki praniu tapicerki usuniesz brud, [&hellip;]<\/p>\n","protected":false},"author":2,"featured_media":0,"parent":0,"menu_order":0,"comment_status":"closed","ping_status":"closed","template":"","meta":{"site-sidebar-layout":"no-sidebar","site-content-layout":"","ast-site-content-layout":"full-width-container","site-content-style":"default","site-sidebar-style":"default","ast-global-header-display":"","ast-banner-title-visibility":"","ast-main-header-display":"","ast-hfb-above-header-display":"","ast-hfb-below-header-display":"","ast-hfb-mobile-header-display":"","site-post-title":"disabled","ast-breadcrumbs-content":"","ast-featured-img":"disabled","footer-sml-layout":"","theme-transparent-header-meta":"","adv-header-id-meta":"","stick-header-meta":"","header-above-stick-meta":"","header-main-stick-meta":"","header-below-stick-meta":"","astra-migrate-meta-layouts":"default","ast-page-background-enabled":"default","ast-page-background-meta":{"desktop":{"background-color":"var(--ast-global-color-4)","background-image":"","background-repeat":"repeat","background-position":"center center","background-size":"auto","background-attachment":"scroll","background-type":"","background-media":"","overlay-type":"","overlay-color":"","overlay-gradient":""},"tablet":{"background-color":"","background-image":"","background-repeat":"repeat","background-position":"center center","background-size":"auto","background-attachment":"scroll","background-type":"","background-media":"","overlay-type":"","overlay-color":"","overlay-gradient":""},"mobile":{"background-color":"","background-image":"","background-repeat":"repeat","background-position":"center center","background-size":"auto","background-attachment":"scroll","background-type":"","background-media":"","overlay-type":"","overlay-color":"","overlay-gradient":""}},"ast-content-background-meta":{"desktop":{"background-color":"var(--ast-global-color-5)","background-image":"","background-repeat":"repeat","background-position":"center center","background-size":"auto","background-attachment":"scroll","background-type":"","background-media":"","overlay-type":"","overlay-color":"","overlay-gradient":""},"tablet":{"background-color":"var(--ast-global-color-5)","background-image":"","background-repeat":"repeat","background-position":"center center","background-size":"auto","background-attachment":"scroll","background-type":"","background-media":"","overlay-type":"","overlay-color":"","overlay-gradient":""},"mobile":{"background-color":"var(--ast-global-color-5)","background-image":"","background-repeat":"repeat","background-position":"center center","background-size":"auto","background-attachment":"scroll","background-type":"","background-media":"","overlay-type":"","overlay-color":"","overlay-gradient":""}},"footnotes":""},"class_list":["post-179","page","type-page","status-publish","hentry"],"yoast_head":"<!-- This site is optimized with the Yoast SEO plugin v22.1 - https:\/\/yoast.com\/wordpress\/plugins\/seo\/ -->\n<title>Pranie tapicerki -<\/title>\n<meta name=\"robots\" content=\"noindex, follow, max-snippet:-1, max-image-preview:large, max-video-preview:-1\" \/>\n<meta property=\"og:locale\" content=\"pl_PL\" \/>\n<meta property=\"og:type\" content=\"article\" \/>\n<meta property=\"og:title\" content=\"Pranie tapicerki -\" \/>\n<meta property=\"og:description\" content=\"PRANIE TAPICERKI Pranie tapicerki Pranie tapicerki samochodowej jest bardzo wa\u017cne aby utrzyma\u0107 czysto\u015b\u0107 wn\u0119trza samochodu. Dzi\u0119ki praniu tapicerki usuniesz brud, [&hellip;]\" \/>\n<meta property=\"og:url\" content=\"https:\/\/eco-h2o.pl\/?page_id=179\" \/>\n<meta property=\"article:publisher\" content=\"https:\/\/www.facebook.com\/myjniaparowakrosno\" \/>\n<meta property=\"article:modified_time\" content=\"2024-02-28T12:13:28+00:00\" \/>\n<meta property=\"og:image\" content=\"https:\/\/eco-h2o.pl\/wp-content\/uploads\/2024\/02\/3-1024x578.jpg\" \/>\n<meta name=\"twitter:card\" content=\"summary_large_image\" \/>\n<script type=\"application\/ld+json\" class=\"yoast-schema-graph\">{\"@context\":\"https:\/\/schema.org\",\"@graph\":[{\"@type\":\"WebPage\",\"@id\":\"https:\/\/eco-h2o.pl\/?page_id=179\",\"url\":\"https:\/\/eco-h2o.pl\/?page_id=179\",\"name\":\"Pranie tapicerki -\",\"isPartOf\":{\"@id\":\"https:\/\/eco-h2o.pl\/#website\"},\"datePublished\":\"2024-02-28T10:06:43+00:00\",\"dateModified\":\"2024-02-28T12:13:28+00:00\",\"breadcrumb\":{\"@id\":\"https:\/\/eco-h2o.pl\/?page_id=179#breadcrumb\"},\"inLanguage\":\"pl-PL\",\"potentialAction\":[{\"@type\":\"ReadAction\",\"target\":[\"https:\/\/eco-h2o.pl\/?page_id=179\"]}]},{\"@type\":\"BreadcrumbList\",\"@id\":\"https:\/\/eco-h2o.pl\/?page_id=179#breadcrumb\",\"itemListElement\":[{\"@type\":\"ListItem\",\"position\":1,\"name\":\"Strona g\u0142\u00f3wna\",\"item\":\"https:\/\/eco-h2o.pl\/\"},{\"@type\":\"ListItem\",\"position\":2,\"name\":\"Pranie tapicerki\"}]},{\"@type\":\"WebSite\",\"@id\":\"https:\/\/eco-h2o.pl\/#website\",\"url\":\"https:\/\/eco-h2o.pl\/\",\"name\":\"ECO-H2O\",\"description\":\"\",\"publisher\":{\"@id\":\"https:\/\/eco-h2o.pl\/#organization\"},\"potentialAction\":[{\"@type\":\"SearchAction\",\"target\":{\"@type\":\"EntryPoint\",\"urlTemplate\":\"https:\/\/eco-h2o.pl\/?s={search_term_string}\"},\"query-input\":\"required name=search_term_string\"}],\"inLanguage\":\"pl-PL\"},{\"@type\":\"Organization\",\"@id\":\"https:\/\/eco-h2o.pl\/#organization\",\"name\":\"ECO-H2O\",\"url\":\"https:\/\/eco-h2o.pl\/\",\"logo\":{\"@type\":\"ImageObject\",\"inLanguage\":\"pl-PL\",\"@id\":\"https:\/\/eco-h2o.pl\/#\/schema\/logo\/image\/\",\"url\":\"https:\/\/eco-h2o.pl\/wp-content\/uploads\/2024\/02\/logo-z-obrysem.png\",\"contentUrl\":\"https:\/\/eco-h2o.pl\/wp-content\/uploads\/2024\/02\/logo-z-obrysem.png\",\"width\":1054,\"height\":492,\"caption\":\"ECO-H2O\"},\"image\":{\"@id\":\"https:\/\/eco-h2o.pl\/#\/schema\/logo\/image\/\"},\"sameAs\":[\"https:\/\/www.facebook.com\/myjniaparowakrosno\"]}]}<\/script>\n<!-- \/ Yoast SEO plugin. -->","yoast_head_json":{"title":"Pranie tapicerki -","robots":{"index":"noindex","follow":"follow","max-snippet":"max-snippet:-1","max-image-preview":"max-image-preview:large","max-video-preview":"max-video-preview:-1"},"og_locale":"pl_PL","og_type":"article","og_title":"Pranie tapicerki -","og_description":"PRANIE TAPICERKI Pranie tapicerki Pranie tapicerki samochodowej jest bardzo wa\u017cne aby utrzyma\u0107 czysto\u015b\u0107 wn\u0119trza samochodu. Dzi\u0119ki praniu tapicerki usuniesz brud, [&hellip;]","og_url":"https:\/\/eco-h2o.pl\/?page_id=179","article_publisher":"https:\/\/www.facebook.com\/myjniaparowakrosno","article_modified_time":"2024-02-28T12:13:28+00:00","og_image":[{"url":"https:\/\/eco-h2o.pl\/wp-content\/uploads\/2024\/02\/3-1024x578.jpg"}],"twitter_card":"summary_large_image","schema":{"@context":"https:\/\/schema.org","@graph":[{"@type":"WebPage","@id":"https:\/\/eco-h2o.pl\/?page_id=179","url":"https:\/\/eco-h2o.pl\/?page_id=179","name":"Pranie tapicerki -","isPartOf":{"@id":"https:\/\/eco-h2o.pl\/#website"},"datePublished":"2024-02-28T10:06:43+00:00","dateModified":"2024-02-28T12:13:28+00:00","breadcrumb":{"@id":"https:\/\/eco-h2o.pl\/?page_id=179#breadcrumb"},"inLanguage":"pl-PL","potentialAction":[{"@type":"ReadAction","target":["https:\/\/eco-h2o.pl\/?page_id=179"]}]},{"@type":"BreadcrumbList","@id":"https:\/\/eco-h2o.pl\/?page_id=179#breadcrumb","itemListElement":[{"@type":"ListItem","position":1,"name":"Strona g\u0142\u00f3wna","item":"https:\/\/eco-h2o.pl\/"},{"@type":"ListItem","position":2,"name":"Pranie tapicerki"}]},{"@type":"WebSite","@id":"https:\/\/eco-h2o.pl\/#website","url":"https:\/\/eco-h2o.pl\/","name":"ECO-H2O","description":"","publisher":{"@id":"https:\/\/eco-h2o.pl\/#organization"},"potentialAction":[{"@type":"SearchAction","target":{"@type":"EntryPoint","urlTemplate":"https:\/\/eco-h2o.pl\/?s={search_term_string}"},"query-input":"required name=search_term_string"}],"inLanguage":"pl-PL"},{"@type":"Organization","@id":"https:\/\/eco-h2o.pl\/#organization","name":"ECO-H2O","url":"https:\/\/eco-h2o.pl\/","logo":{"@type":"ImageObject","inLanguage":"pl-PL","@id":"https:\/\/eco-h2o.pl\/#\/schema\/logo\/image\/","url":"https:\/\/eco-h2o.pl\/wp-content\/uploads\/2024\/02\/logo-z-obrysem.png","contentUrl":"https:\/\/eco-h2o.pl\/wp-content\/uploads\/2024\/02\/logo-z-obrysem.png","width":1054,"height":492,"caption":"ECO-H2O"},"image":{"@id":"https:\/\/eco-h2o.pl\/#\/schema\/logo\/image\/"},"sameAs":["https:\/\/www.facebook.com\/myjniaparowakrosno"]}]}},"_links":{"self":[{"href":"https:\/\/eco-h2o.pl\/index.php?rest_route=\/wp\/v2\/pages\/179","targetHints":{"allow":["GET"]}}],"collection":[{"href":"https:\/\/eco-h2o.pl\/index.php?rest_route=\/wp\/v2\/pages"}],"about":[{"href":"https:\/\/eco-h2o.pl\/index.php?rest_route=\/wp\/v2\/types\/page"}],"author":[{"embeddable":true,"href":"https:\/\/eco-h2o.pl\/index.php?rest_route=\/wp\/v2\/users\/2"}],"replies":[{"embeddable":true,"href":"https:\/\/eco-h2o.pl\/index.php?rest_route=%2Fwp%2Fv2%2Fcomments&post=179"}],"version-history":[{"count":7,"href":"https:\/\/eco-h2o.pl\/index.php?rest_route=\/wp\/v2\/pages\/179\/revisions"}],"predecessor-version":[{"id":241,"href":"https:\/\/eco-h2o.pl\/index.php?rest_route=\/wp\/v2\/pages\/179\/revisions\/241"}],"wp:attachment":[{"href":"https:\/\/eco-h2o.pl\/index.php?rest_route=%2Fwp%2Fv2%2Fmedia&parent=179"}],"curies":[{"name":"wp","href":"https:\/\/api.w.org\/{rel}","templated":true}]}}